{"id":60,"date":"2020-06-10T17:27:02","date_gmt":"2020-06-10T17:27:02","guid":{"rendered":"https:\/\/monopolkimya.com.tr\/?page_id=60"},"modified":"2024-11-13T21:45:14","modified_gmt":"2024-11-13T18:45:14","slug":"iletisim","status":"publish","type":"page","link":"https:\/\/monopolkimya.com.tr\/en\/iletisim\/","title":{"rendered":"Contact Us"},"content":{"rendered":"<div class=\"fusion-fullwidth fullwidth-box fusion-builder-row-1 fusion-flex-container nonhundred-percent-fullwidth non-hundred-percent-height-scrolling\" style=\"--awb-border-radius-top-left:0px;--awb-border-radius-top-right:0px;--awb-border-radius-bottom-right:0px;--awb-border-radius-bottom-left:0px;--awb-padding-right:0px;--awb-padding-left:2px;--awb-margin-top:0px;--awb-margin-bottom:0px;--awb-min-height:20px;--awb-flex-wrap:wrap;\" ><div class=\"fusion-builder-row fusion-row fusion-flex-align-items-stretch fusion-flex-align-content-flex-start fusion-flex-content-wrap\" style=\"max-width:calc( 1370px + 0px );margin-left: calc(-0px \/ 2 );margin-right: calc(-0px \/ 2 );\"><div class=\"fusion-layout-column fusion_builder_column fusion-builder-column-0 fusion_builder_column_1_2 1_2 fusion-flex-column\" style=\"--awb-padding-top:8vw;--awb-padding-right:8vw;--awb-padding-bottom:8vw;--awb-padding-left:8vw;--awb-padding-top-small:60px;--awb-padding-right-small:60px;--awb-padding-bottom-small:60px;--awb-padding-left-small:60px;--awb-bg-color:var(--awb-color1);--awb-bg-color-hover:var(--awb-color1);--awb-bg-size:cover;--awb-width-large:50%;--awb-margin-top-large:61px;--awb-spacing-right-large:0px;--awb-margin-bottom-large:0px;--awb-spacing-left-large:0px;--awb-width-medium:66.666666666667%;--awb-order-medium:0;--awb-spacing-right-medium:0px;--awb-spacing-left-medium:0px;--awb-width-small:100%;--awb-order-small:0;--awb-spacing-right-small:0px;--awb-spacing-left-small:0px;\"><div class=\"fusion-column-wrapper fusion-column-has-shadow fusion-flex-justify-content-center fusion-content-layout-column\"><div class=\"fusion-text fusion-text-1\"><p>+90 850 308 0871<\/p>\n<p>satis@monopolkimya.com.tr<\/p>\n<p>Yakuplu Mah. H\u00fcrriyet Bulvar\u0131 Skyport No:1 Kat:3 D. No:62 PK:34520 Beylikd\u00fcz\u00fc \u0130stanbul T\u00fcrkiye<\/p>\n<\/div><div class=\"fusion-form fusion-form-builder fusion-form-form-wrapper fusion-form-1383\" style=\"--awb-tooltip-text-color:#ffffff;--awb-tooltip-background-color:#333333;\" data-form-id=\"1383\" data-config=\"{&quot;form_id&quot;:&quot;1383&quot;,&quot;form_post_id&quot;:&quot;1383&quot;,&quot;post_id&quot;:60,&quot;form_type&quot;:&quot;ajax&quot;,&quot;confirmation_type&quot;:&quot;message&quot;,&quot;redirect_url&quot;:&quot;&quot;,&quot;field_labels&quot;:{&quot;name&quot;:&quot;\\u0130sminiz&quot;,&quot;email_address&quot;:&quot;E-posta Adresiniz&quot;,&quot;subject&quot;:&quot;Konu&quot;,&quot;message&quot;:&quot;Mesaj\\u0131n\\u0131z&quot;},&quot;field_logics&quot;:{&quot;name&quot;:&quot;&quot;,&quot;email_address&quot;:&quot;&quot;,&quot;subject&quot;:&quot;&quot;,&quot;message&quot;:&quot;&quot;,&quot;notice_1&quot;:&quot;&quot;},&quot;field_types&quot;:{&quot;name&quot;:&quot;text&quot;,&quot;email_address&quot;:&quot;email&quot;,&quot;subject&quot;:&quot;text&quot;,&quot;message&quot;:&quot;textarea&quot;,&quot;notice_1&quot;:&quot;notice&quot;,&quot;submit_1&quot;:&quot;submit&quot;},&quot;nonce_method&quot;:&quot;ajax&quot;}\"><form action=\"\/en\/iletisim\/\" method=\"post\" class=\"fusion-form fusion-form-1383\" data-trp-original-action=\"https:\/\/monopolkimya.com.tr\/en\/iletisim\/\"><div class=\"fusion-fullwidth fullwidth-box fusion-builder-row-1-1 fusion-flex-container nonhundred-percent-fullwidth non-hundred-percent-height-scrolling\" style=\"--awb-border-radius-top-left:0px;--awb-border-radius-top-right:0px;--awb-border-radius-bottom-right:0px;--awb-border-radius-bottom-left:0px;--awb-padding-top:0px;--awb-padding-right:0px;--awb-padding-bottom:0px;--awb-padding-left:0px;--awb-margin-top:0px;--awb-margin-bottom:0px;--awb-flex-wrap:wrap;\" ><div class=\"fusion-builder-row fusion-row fusion-flex-align-items-flex-start fusion-flex-content-wrap\" style=\"width:103% !important;max-width:103% !important;margin-left: calc(-3% \/ 2 );margin-right: calc(-3% \/ 2 );\"><div class=\"fusion-layout-column fusion_builder_column fusion-builder-column-1 fusion_builder_column_1_1 1_1 fusion-flex-column\" style=\"--awb-bg-size:cover;--awb-width-large:100%;--awb-margin-top-large:0px;--awb-spacing-right-large:1.455%;--awb-margin-bottom-large:0px;--awb-spacing-left-large:1.455%;--awb-width-medium:100%;--awb-order-medium:0;--awb-spacing-right-medium:1.455%;--awb-spacing-left-medium:1.455%;--awb-width-small:100%;--awb-order-small:0;--awb-spacing-right-small:1.455%;--awb-spacing-left-small:1.455%;\"><div class=\"fusion-column-wrapper fusion-column-has-shadow fusion-flex-justify-content-flex-start fusion-content-layout-column\"><div class=\"fusion-form-field fusion-form-text-field fusion-form-label-above\" style=\"\" data-form-id=\"1383\"><div class=\"fusion-form-label-wrapper\"><label for=\"name\">Your name <abbr class=\"fusion-form-element-required\" title=\"required\">*<\/abbr><\/label><\/div><input type=\"text\" name=\"name\" id=\"name\" value=\"\"  class=\"fusion-form-input\" required=\"true\" aria-required=\"true\" data-holds-private-data=\"false\" minlength=\"0\"\/><\/div><div class=\"fusion-form-field fusion-form-email-field fusion-form-label-above\" style=\"\" data-form-id=\"1383\"><div class=\"fusion-form-label-wrapper\"><label for=\"email_address\">Your Email Address <abbr class=\"fusion-form-element-required\" title=\"required\">*<\/abbr><\/label><\/div><input type=\"email\" name=\"email_address\" id=\"email_address\" value=\"\"  class=\"fusion-form-input\" required=\"true\" aria-required=\"true\" data-holds-private-data=\"false\"\/><\/div><div class=\"fusion-form-field fusion-form-text-field fusion-form-label-above\" style=\"\" data-form-id=\"1383\"><div class=\"fusion-form-label-wrapper\"><label for=\"subject\">Subject<\/label><\/div><input type=\"text\" name=\"subject\" id=\"subject\" value=\"\"  class=\"fusion-form-input\" data-holds-private-data=\"false\" minlength=\"0\"\/><\/div><div class=\"fusion-form-field fusion-form-textarea-field fusion-form-label-above\" style=\"\" data-form-id=\"1383\"><label for=\"message\">Your message <abbr class=\"fusion-form-element-required\" title=\"required\">*<\/abbr><\/label><textarea cols=\"40\"  minlength=\"0\"  rows=\"4\" tabindex=\"\" id=\"message\" name=\"message\" class=\"fusion-form-input\" required=\"true\" aria-required=\"true\" data-holds-private-data=\"false\"><\/textarea><\/div><div class=\"form-submission-notices data-notice_1\" id=\"fusion-notices-1\"><div class=\"fusion-alert alert success alert-success fusion-alert-center fusion-form-response fusion-form-response-success awb-alert-native-link-color alert-dismissable awb-alert-close-boxed\" role=\"alert\"><div class=\"fusion-alert-content-wrapper\"><span class=\"alert-icon\"><i class=\"awb-icon-check-circle\" aria-hidden=\"true\"><\/i><\/span><span class=\"fusion-alert-content\">Thank you for your message. It has been sent.<\/span><\/div><button type=\"button\" class=\"close toggle-alert\" data-dismiss=\"alert\" aria-label=\"Close\">&times;<\/button><\/div><div class=\"fusion-alert alert error alert-danger fusion-alert-center fusion-form-response fusion-form-response-error awb-alert-native-link-color alert-dismissable awb-alert-close-boxed\" role=\"alert\"><div class=\"fusion-alert-content-wrapper\"><span class=\"alert-icon\"><i class=\"awb-icon-exclamation-triangle\" aria-hidden=\"true\"><\/i><\/span><span class=\"fusion-alert-content\">There was an error trying to send your message. Please try again later.<\/span><\/div><button type=\"button\" class=\"close toggle-alert\" data-dismiss=\"alert\" aria-label=\"Close\">&times;<\/button><\/div><\/div><div class=\"fusion-form-field fusion-form-submit-field fusion-form-label-above\" style=\"\" data-form-id=\"1383\"><div ><button type=\"submit\" class=\"fusion-button button-flat fusion-button-default-size button-default fusion-button-default button-1 fusion-button-default-span  form-form-submit button-default\" data-form-number=\"1383\" tabindex=\"\"><span class=\"fusion-button-text\">Send<\/span><\/button><\/div><\/div><\/div><\/div><\/div><\/div><input type=\"hidden\" name=\"trp-form-language\" value=\"en\"\/><\/form><\/div><\/div><\/div><div class=\"fusion-layout-column fusion_builder_column fusion-builder-column-2 fusion_builder_column_1_2 1_2 fusion-flex-column\" style=\"--awb-padding-right:12px;--awb-padding-left:55px;--awb-bg-size:cover;--awb-width-large:50%;--awb-margin-top-large:61px;--awb-spacing-right-large:0px;--awb-margin-bottom-large:3px;--awb-spacing-left-large:0px;--awb-width-medium:50%;--awb-order-medium:0;--awb-spacing-right-medium:0px;--awb-spacing-left-medium:0px;--awb-width-small:100%;--awb-order-small:0;--awb-spacing-right-small:0px;--awb-spacing-left-small:0px;\"><div class=\"fusion-column-wrapper fusion-column-has-shadow fusion-flex-justify-content-flex-start fusion-content-layout-row\"><div class=\"fusion-image-element\" style=\"--awb-caption-title-font-family:var(--h2_typography-font-family);--awb-caption-title-font-weight:var(--h2_typography-font-weight);--awb-caption-title-font-style:var(--h2_typography-font-style);--awb-caption-title-size:var(--h2_typography-font-size);--awb-caption-title-transform:var(--h2_typography-text-transform);--awb-caption-title-line-height:var(--h2_typography-line-height);--awb-caption-title-letter-spacing:var(--h2_typography-letter-spacing);\"><span class=\"fusion-imageframe imageframe-none imageframe-1 hover-type-none\"><img decoding=\"async\" width=\"1920\" height=\"1080\" title=\"Slide &#8211; 9\" src=\"https:\/\/monopolkimya.com.tr\/wp-content\/uploads\/2024\/11\/Slide-9.jpg\" data-orig-src=\"https:\/\/monopolkimya.com.tr\/wp-content\/uploads\/2024\/11\/Slide-9.jpg\" alt class=\"lazyload img-responsive wp-image-1576\" srcset=\"data:image\/svg+xml,%3Csvg%20xmlns%3D%27http%3A%2F%2Fwww.w3.org%2F2000%2Fsvg%27%20width%3D%271920%27%20height%3D%271080%27%20viewBox%3D%270%200%201920%201080%27%3E%3Crect%20width%3D%271920%27%20height%3D%271080%27%20fill-opacity%3D%220%22%2F%3E%3C%2Fsvg%3E\" data-srcset=\"https:\/\/monopolkimya.com.tr\/wp-content\/uploads\/2024\/11\/Slide-9-200x113.jpg 200w, https:\/\/monopolkimya.com.tr\/wp-content\/uploads\/2024\/11\/Slide-9-400x225.jpg 400w, https:\/\/monopolkimya.com.tr\/wp-content\/uploads\/2024\/11\/Slide-9-600x338.jpg 600w, https:\/\/monopolkimya.com.tr\/wp-content\/uploads\/2024\/11\/Slide-9-800x450.jpg 800w, https:\/\/monopolkimya.com.tr\/wp-content\/uploads\/2024\/11\/Slide-9-1200x675.jpg 1200w, https:\/\/monopolkimya.com.tr\/wp-content\/uploads\/2024\/11\/Slide-9.jpg 1920w\" data-sizes=\"auto\" data-orig-sizes=\"(max-width: 640px) 100vw, 800px\" \/><\/span><\/div><div class=\"fusion-image-element\" style=\"--awb-caption-title-font-family:var(--h2_typography-font-family);--awb-caption-title-font-weight:var(--h2_typography-font-weight);--awb-caption-title-font-style:var(--h2_typography-font-style);--awb-caption-title-size:var(--h2_typography-font-size);--awb-caption-title-transform:var(--h2_typography-text-transform);--awb-caption-title-line-height:var(--h2_typography-line-height);--awb-caption-title-letter-spacing:var(--h2_typography-letter-spacing);\"><span class=\"fusion-imageframe imageframe-none imageframe-2 hover-type-none\"><img decoding=\"async\" width=\"2560\" height=\"1440\" title=\"Slide &#8211; 13\" src=\"https:\/\/monopolkimya.com.tr\/wp-content\/uploads\/2024\/11\/Slide-13-scaled.jpg\" data-orig-src=\"https:\/\/monopolkimya.com.tr\/wp-content\/uploads\/2024\/11\/Slide-13-scaled.jpg\" alt class=\"lazyload img-responsive wp-image-1577\" srcset=\"data:image\/svg+xml,%3Csvg%20xmlns%3D%27http%3A%2F%2Fwww.w3.org%2F2000%2Fsvg%27%20width%3D%272560%27%20height%3D%271440%27%20viewBox%3D%270%200%202560%201440%27%3E%3Crect%20width%3D%272560%27%20height%3D%271440%27%20fill-opacity%3D%220%22%2F%3E%3C%2Fsvg%3E\" data-srcset=\"https:\/\/monopolkimya.com.tr\/wp-content\/uploads\/2024\/11\/Slide-13-200x113.jpg 200w, https:\/\/monopolkimya.com.tr\/wp-content\/uploads\/2024\/11\/Slide-13-400x225.jpg 400w, https:\/\/monopolkimya.com.tr\/wp-content\/uploads\/2024\/11\/Slide-13-600x338.jpg 600w, https:\/\/monopolkimya.com.tr\/wp-content\/uploads\/2024\/11\/Slide-13-800x450.jpg 800w, https:\/\/monopolkimya.com.tr\/wp-content\/uploads\/2024\/11\/Slide-13-1200x675.jpg 1200w, https:\/\/monopolkimya.com.tr\/wp-content\/uploads\/2024\/11\/Slide-13-scaled.jpg 2560w\" data-sizes=\"auto\" data-orig-sizes=\"(max-width: 640px) 100vw, 800px\" \/><\/span><\/div><\/div><\/div><\/div><\/div>","protected":false},"excerpt":{"rendered":"","protected":false},"author":1,"featured_media":1530,"parent":0,"menu_order":0,"comment_status":"closed","ping_status":"closed","template":"100-width.php","meta":{"inline_featured_image":false,"footnotes":""},"class_list":["post-60","page","type-page","status-publish","has-post-thumbnail","hentry"],"_links":{"self":[{"href":"https:\/\/monopolkimya.com.tr\/en\/wp-json\/wp\/v2\/pages\/60","targetHints":{"allow":["GET"]}}],"collection":[{"href":"https:\/\/monopolkimya.com.tr\/en\/wp-json\/wp\/v2\/pages"}],"about":[{"href":"https:\/\/monopolkimya.com.tr\/en\/wp-json\/wp\/v2\/types\/page"}],"author":[{"embeddable":true,"href":"https:\/\/monopolkimya.com.tr\/en\/wp-json\/wp\/v2\/users\/1"}],"replies":[{"embeddable":true,"href":"https:\/\/monopolkimya.com.tr\/en\/wp-json\/wp\/v2\/comments?post=60"}],"version-history":[{"count":27,"href":"https:\/\/monopolkimya.com.tr\/en\/wp-json\/wp\/v2\/pages\/60\/revisions"}],"predecessor-version":[{"id":1593,"href":"https:\/\/monopolkimya.com.tr\/en\/wp-json\/wp\/v2\/pages\/60\/revisions\/1593"}],"wp:featuredmedia":[{"embeddable":true,"href":"https:\/\/monopolkimya.com.tr\/en\/wp-json\/wp\/v2\/media\/1530"}],"wp:attachment":[{"href":"https:\/\/monopolkimya.com.tr\/en\/wp-json\/wp\/v2\/media?parent=60"}],"curies":[{"name":"wp","href":"https:\/\/api.w.org\/{rel}","templated":true}]}}